{"id":2,"date":"2011-07-09T13:59:24","date_gmt":"2011-07-09T13:59:24","guid":{"rendered":"http:\/\/localhost\/salairebrutnet.fr\/blog\/?page_id=2"},"modified":"2012-12-16T19:41:24","modified_gmt":"2012-12-16T18:41:24","slug":"a-propos","status":"publish","type":"page","link":"http:\/\/www.salairebrutnet.fr\/blog\/a-propos","title":{"rendered":"\u00c0 propos"},"content":{"rendered":"<p>Actuellement en recherche d&#8217;emploi, j&rsquo;ai souvent \u00e9t\u00e9 souvent confront\u00e9 \u00e0 des annonces avec des montants bruts qui demandent \u00e0 chaque fois un calcul diff\u00e9rent pour faire la conversion : <strong>horaire, mensuel ou annuel, temps plein ou temps partiel<\/strong>&#8230; Un vrai casse-t\u00eate !<\/p>\n<p>Il existe bien des sites qui proposent des genres de convertisseurs. Mais aucun n&rsquo;est suffisamment complet pour <strong>\u00e9viter d&rsquo;utiliser sa calculatrice<\/strong>.<\/p>\n<p>Ayant un profil de webmaster, je me suis fait un petit outil pour remplir ce besoin. Mais comme je doute d&rsquo;\u00eatre le seul \u00e0 \u00eatre y confront\u00e9, je me suis dit que \u00e7a serait sympa de le partager. Voil\u00e0 comment est n\u00e9 <a href=\"http:\/\/www.salairebrutnet.fr\/\">SalaireBrutNet<\/a>.<\/p>\n<p>Au-del\u00e0 de ce premier but, j&rsquo;esp\u00e8re bien que le site m&rsquo;aidera comme r\u00e9f\u00e9rence suppl\u00e9mentaire dans mon portfolio pour trouver du travail. C&rsquo;est aussi un terrain d&rsquo;exp\u00e9rimentation sur des technologies que j&rsquo;aimerais r\u00e9utiliser sur d&rsquo;autres projets personnels plus importants.<\/p>\n<p>Je n&rsquo;ai pas vraiment d&rsquo;autres ambitions pour ce site. J&rsquo;ai commenc\u00e9 \u00e0 mettre des pubs pour couvrir les frais inh\u00e9rents \u00e0 l&rsquo;h\u00e9bergement. Mais il reste tr\u00e8s clair pour moi que \u00e7a s&rsquo;arr\u00eate \u00e0 peu pr\u00e8s l\u00e0. Un tel service n&rsquo;a aucune chance de d\u00e9gager de vrais revenus notables. Et je reste tr\u00e8s attach\u00e9 \u00e0 ce qu&rsquo;il soit <strong>gratuit<\/strong>.<\/p>\n<p>Le c\u00f4t\u00e9 positif, c&rsquo;est que vous n&rsquo;aurez pas de mauvaise surprise quand il \u00e9voluera. Mon but n&rsquo;\u00e9tant pas l&rsquo;argent. La seule chose qui peut s&rsquo;am\u00e9liorer c&rsquo;est sa <strong>popularit\u00e9<\/strong>.<\/p>\n<p>Le c\u00f4t\u00e9 n\u00e9gatif, c&rsquo;est que\u00a0<a href=\"http:\/\/www.salairebrutnet.fr\/\">SalaireBrutNet<\/a> n&rsquo;est pas ma premi\u00e8re priorit\u00e9 : il faut bien que je mange ! \ud83d\ude09 Les <strong>am\u00e9liorations<\/strong> que je pr\u00e9vois ne seront probablement pas mises en place tr\u00e8s rapidement. Il n&rsquo;y a bien que l&rsquo;\u00e9volution du montant du SMIC sur laquelle j&rsquo;essaie d&rsquo;\u00eatre aussi r\u00e9actif que possible.<\/p>\n<p>En tout cas, j&rsquo;esp\u00e8re que vous appr\u00e9cierez. Je reste ouvert \u00e0 toutes remarques (tant qu&rsquo;elles sont objectives) et suggestions.<\/p>\n","protected":false},"excerpt":{"rendered":"<p>Actuellement en recherche d&#8217;emploi, j&rsquo;ai souvent \u00e9t\u00e9 souvent confront\u00e9 \u00e0 des annonces avec des montants bruts qui demandent \u00e0 chaque fois un calcul diff\u00e9rent pour faire la conversion : horaire, mensuel ou annuel, temps plein ou temps partiel&#8230; Un vrai casse-t\u00eate ! Il existe bien des sites qui proposent des genres de convertisseurs. Mais aucun [&hellip;]<\/p>\n","protected":false},"author":1,"featured_media":0,"parent":0,"menu_order":0,"comment_status":"open","ping_status":"open","template":"","meta":{"footnotes":""},"_links":{"self":[{"href":"http:\/\/www.salairebrutnet.fr\/blog\/wp-json\/wp\/v2\/pages\/2"}],"collection":[{"href":"http:\/\/www.salairebrutnet.fr\/blog\/wp-json\/wp\/v2\/pages"}],"about":[{"href":"http:\/\/www.salairebrutnet.fr\/blog\/wp-json\/wp\/v2\/types\/page"}],"author":[{"embeddable":true,"href":"http:\/\/www.salairebrutnet.fr\/blog\/wp-json\/wp\/v2\/users\/1"}],"replies":[{"embeddable":true,"href":"http:\/\/www.salairebrutnet.fr\/blog\/wp-json\/wp\/v2\/comments?post=2"}],"version-history":[{"count":8,"href":"http:\/\/www.salairebrutnet.fr\/blog\/wp-json\/wp\/v2\/pages\/2\/revisions"}],"predecessor-version":[{"id":68,"href":"http:\/\/www.salairebrutnet.fr\/blog\/wp-json\/wp\/v2\/pages\/2\/revisions\/68"}],"wp:attachment":[{"href":"http:\/\/www.salairebrutnet.fr\/blog\/wp-json\/wp\/v2\/media?parent=2"}],"curies":[{"name":"wp","href":"https:\/\/api.w.org\/{rel}","templated":true}]}}